		{"id":969,"date":"2020-09-21T18:15:39","date_gmt":"2020-09-21T15:15:39","guid":{"rendered":"http:\/\/liutuvartai.lt\/?post_type=product&#038;p=969"},"modified":"2025-05-02T14:58:32","modified_gmt":"2025-05-02T11:58:32","slug":"dovanu-kuponas","status":"publish","type":"product","link":"https:\/\/liutuvartai.lt\/en\/store\/dovanu-kuponas\/","title":{"rendered":"Gift Coupon"},"content":{"rendered":"<p>Restaurant S. Metaxas gift voucher.<\/p>\n<p>Jei norite, kad jis b\u016bt\u0173 i\u0161ra\u0161ytas ne J\u016bs\u0173 vardu, pra\u0161ome tai pamin\u0117ti u\u017esakymo komentaruose.<\/p>\n<p>To use, just show it on your smart device, or in print.<\/p>\n<div id=\"gtx-trans\" style=\"position: absolute; left: 127px; top: 168px;\">\n<div class=\"gtx-trans-icon\"><\/div>\n<\/div>","protected":false},"excerpt":{"rendered":"<p>Restorano S. Metaxas dovan\u0173 kuponas. Jei norite, kad jis b\u016bt\u0173 i\u0161ra\u0161ytas ne J\u016bs\u0173 vardu, pra\u0161ome tai pamin\u0117ti u\u017esakymo komentaruose. Norint panaudoti, u\u017etenka parodyti j\u012f savo i\u0161maniajame \u012frenginyje, arba atspausdint\u0105.<\/p>","protected":false},"featured_media":16022,"template":"","meta":[],"product_brand":[],"product_cat":[29,138],"product_tag":[],"class_list":{"0":"post-969","1":"product","2":"type-product","3":"status-publish","4":"has-post-thumbnail","6":"product_cat-services","7":"product_cat-offers","8":"product_shipping_class-com","10":"first","11":"instock","12":"shipping-taxable","13":"purchasable","14":"product-type-variable","15":"has-default-attributes"},"_links":{"self":[{"href":"https:\/\/liutuvartai.lt\/en\/wp-json\/wp\/v2\/product\/969","targetHints":{"allow":["GET"]}}],"collection":[{"href":"https:\/\/liutuvartai.lt\/en\/wp-json\/wp\/v2\/product"}],"about":[{"href":"https:\/\/liutuvartai.lt\/en\/wp-json\/wp\/v2\/types\/product"}],"wp:featuredmedia":[{"embeddable":true,"href":"https:\/\/liutuvartai.lt\/en\/wp-json\/wp\/v2\/media\/16022"}],"wp:attachment":[{"href":"https:\/\/liutuvartai.lt\/en\/wp-json\/wp\/v2\/media?parent=969"}],"wp:term":[{"taxonomy":"product_brand","embeddable":true,"href":"https:\/\/liutuvartai.lt\/en\/wp-json\/wp\/v2\/product_brand?post=969"},{"taxonomy":"product_cat","embeddable":true,"href":"https:\/\/liutuvartai.lt\/en\/wp-json\/wp\/v2\/product_cat?post=969"},{"taxonomy":"product_tag","embeddable":true,"href":"https:\/\/liutuvartai.lt\/en\/wp-json\/wp\/v2\/product_tag?post=969"}],"curies":[{"name":"wp","href":"https:\/\/api.w.org\/{rel}","templated":true}]}}