		{"id":17094,"date":"2025-11-19T14:29:43","date_gmt":"2025-11-19T12:29:43","guid":{"rendered":"https:\/\/liutuvartai.lt\/?post_type=product&#038;p=17094"},"modified":"2025-11-24T13:44:48","modified_gmt":"2025-11-24T11:44:48","slug":"oil-refil","status":"publish","type":"product","link":"https:\/\/liutuvartai.lt\/en\/store\/oil-refil\/","title":{"rendered":"Aliejaus papildymas (\u012f J\u016bs\u0173 tar\u0105)"},"content":{"rendered":"<div class=\"woocommerce-product-details__short-description\">\n<p>\u0160iuo metu si\u016blome <strong>Harma Value<\/strong> alyvuogi\u0173 aliej\u0173 perpilt\u0105 \u012f j\u016bs\u0173 tar\u0105!<\/p>\n<p>\u0160i\u0105 prek\u0119 privaloma atsiimti vietoje.<\/p>\n<p>Pra\u0161ome atsine\u0161ti savo tar\u0105, rekomenduojame stiklin\u0119 \/ molin\u0119 tar\u0105 ilgeniam vartojimui arba plastikin\u0119 \/ metalin\u0119 tar\u0105 trumpam laikymui.<\/p>\n<p>Tara b\u016btinai turi b\u016bti \u0161vari ir sandariai u\u017edaroma, kad j\u016bs\u0173 aliejus gal\u0117t\u0173 b\u016bti naudojamas ilg\u0105 laik\u0105.<\/p>\n<p><strong>Prisid\u0117kime prie gamtos saugojimo visi kartu!\u00a0<\/strong><\/p>\n<\/div>","protected":false},"excerpt":{"rendered":"<p>\u0160iuo metu si\u016blome Harma Value alyvuogi\u0173 aliej\u0173 perpilt\u0105 \u012f j\u016bs\u0173 tar\u0105! \u0160i\u0105 prek\u0119 privaloma atsiimti vietoje. Pra\u0161ome atsine\u0161ti savo tar\u0105, rekomenduojame stiklin\u0119 \/ molin\u0119 tar\u0105 ilgeniam vartojimui arba plastikin\u0119 \/ metalin\u0119 tar\u0105 trumpam laikymui. Tara b\u016btinai turi b\u016bti \u0161vari ir sandariai u\u017edaroma, kad j\u016bs\u0173 aliejus gal\u0117t\u0173 b\u016bti naudojamas ilg\u0105 laik\u0105. Prisid\u0117kime prie gamtos saugojimo visi [&hellip;]<\/p>\n","protected":false},"featured_media":17097,"template":"","meta":[],"product_brand":[],"product_cat":[180],"product_tag":[],"class_list":{"0":"post-17094","1":"product","2":"type-product","3":"status-publish","4":"has-post-thumbnail","6":"product_cat-oil","7":"product_shipping_class-food","9":"first","10":"instock","11":"shipping-taxable","12":"purchasable","13":"product-type-variable"},"_links":{"self":[{"href":"https:\/\/liutuvartai.lt\/en\/wp-json\/wp\/v2\/product\/17094","targetHints":{"allow":["GET"]}}],"collection":[{"href":"https:\/\/liutuvartai.lt\/en\/wp-json\/wp\/v2\/product"}],"about":[{"href":"https:\/\/liutuvartai.lt\/en\/wp-json\/wp\/v2\/types\/product"}],"wp:featuredmedia":[{"embeddable":true,"href":"https:\/\/liutuvartai.lt\/en\/wp-json\/wp\/v2\/media\/17097"}],"wp:attachment":[{"href":"https:\/\/liutuvartai.lt\/en\/wp-json\/wp\/v2\/media?parent=17094"}],"wp:term":[{"taxonomy":"product_brand","embeddable":true,"href":"https:\/\/liutuvartai.lt\/en\/wp-json\/wp\/v2\/product_brand?post=17094"},{"taxonomy":"product_cat","embeddable":true,"href":"https:\/\/liutuvartai.lt\/en\/wp-json\/wp\/v2\/product_cat?post=17094"},{"taxonomy":"product_tag","embeddable":true,"href":"https:\/\/liutuvartai.lt\/en\/wp-json\/wp\/v2\/product_tag?post=17094"}],"curies":[{"name":"wp","href":"https:\/\/api.w.org\/{rel}","templated":true}]}}