		{"id":16519,"date":"2025-07-27T13:17:57","date_gmt":"2025-07-27T10:17:57","guid":{"rendered":"https:\/\/liutuvartai.lt\/?post_type=product&#038;p=16519"},"modified":"2026-04-22T16:02:50","modified_gmt":"2026-04-22T13:02:50","slug":"psito","status":"publish","type":"product","link":"https:\/\/liutuvartai.lt\/en\/store\/psito\/","title":{"rendered":"Psito"},"content":{"rendered":"<p>Grill dar\u017eovi\u0173 paploteliai su s\u016briu.<\/p>","protected":false},"excerpt":{"rendered":"<p>Grill dar\u017eovi\u0173 paploteliai su s\u016briu.<\/p>","protected":false},"featured_media":1961,"template":"","meta":[],"product_brand":[],"product_cat":[30,32],"product_tag":[],"class_list":{"0":"post-16519","1":"product","2":"type-product","3":"status-publish","4":"has-post-thumbnail","6":"product_cat-food","7":"product_cat-snacks","8":"product_shipping_class-food","10":"first","11":"instock","12":"shipping-taxable","13":"purchasable","14":"product-type-simple"},"_links":{"self":[{"href":"https:\/\/liutuvartai.lt\/en\/wp-json\/wp\/v2\/product\/16519","targetHints":{"allow":["GET"]}}],"collection":[{"href":"https:\/\/liutuvartai.lt\/en\/wp-json\/wp\/v2\/product"}],"about":[{"href":"https:\/\/liutuvartai.lt\/en\/wp-json\/wp\/v2\/types\/product"}],"wp:featuredmedia":[{"embeddable":true,"href":"https:\/\/liutuvartai.lt\/en\/wp-json\/wp\/v2\/media\/1961"}],"wp:attachment":[{"href":"https:\/\/liutuvartai.lt\/en\/wp-json\/wp\/v2\/media?parent=16519"}],"wp:term":[{"taxonomy":"product_brand","embeddable":true,"href":"https:\/\/liutuvartai.lt\/en\/wp-json\/wp\/v2\/product_brand?post=16519"},{"taxonomy":"product_cat","embeddable":true,"href":"https:\/\/liutuvartai.lt\/en\/wp-json\/wp\/v2\/product_cat?post=16519"},{"taxonomy":"product_tag","embeddable":true,"href":"https:\/\/liutuvartai.lt\/en\/wp-json\/wp\/v2\/product_tag?post=16519"}],"curies":[{"name":"wp","href":"https:\/\/api.w.org\/{rel}","templated":true}]}}