		{"id":12331,"date":"2023-11-18T15:17:08","date_gmt":"2023-11-18T13:17:08","guid":{"rendered":"https:\/\/liutuvartai.lt\/?post_type=product&#038;p=12331"},"modified":"2025-04-06T18:32:34","modified_gmt":"2025-04-06T15:32:34","slug":"tuno-kepsnys-su-grill-darzovemis","status":"publish","type":"product","link":"https:\/\/liutuvartai.lt\/en\/store\/tuno-kepsnys-su-grill-darzovemis\/","title":{"rendered":"Tuno Kepsnys su GRILL Dar\u017eov\u0117mis"},"content":{"rendered":"<p>Tuno kepsnys keptas ant ungnies. Pateikiamas su ant griliaus keptomis dar\u017eov\u0117mis (pomidorai, bakla\u017eanai, cukinija, paprika, pupel\u0117s).<\/p>\n<p>Pateikiama su balzamiko-medaus-aliejaus pada\u017eu.<\/p>","protected":false},"excerpt":{"rendered":"<p>Tuno kepsnys keptas ant ungnies. Pateikiamas su ant griliaus keptomis dar\u017eov\u0117mis (pomidorai, bakla\u017eanai, cukinija, paprika, pupel\u0117s).<\/p>\n<p>Pateikiama su balzamiko-medaus-aliejaus pada\u017eu.<\/p>","protected":false},"featured_media":16304,"template":"","meta":[],"product_brand":[],"product_cat":[47],"product_tag":[],"class_list":{"0":"post-12331","1":"product","2":"type-product","3":"status-publish","4":"has-post-thumbnail","6":"product_cat-seafood","8":"first","9":"instock","10":"shipping-taxable","11":"purchasable","12":"product-type-simple"},"_links":{"self":[{"href":"https:\/\/liutuvartai.lt\/en\/wp-json\/wp\/v2\/product\/12331","targetHints":{"allow":["GET"]}}],"collection":[{"href":"https:\/\/liutuvartai.lt\/en\/wp-json\/wp\/v2\/product"}],"about":[{"href":"https:\/\/liutuvartai.lt\/en\/wp-json\/wp\/v2\/types\/product"}],"wp:featuredmedia":[{"embeddable":true,"href":"https:\/\/liutuvartai.lt\/en\/wp-json\/wp\/v2\/media\/16304"}],"wp:attachment":[{"href":"https:\/\/liutuvartai.lt\/en\/wp-json\/wp\/v2\/media?parent=12331"}],"wp:term":[{"taxonomy":"product_brand","embeddable":true,"href":"https:\/\/liutuvartai.lt\/en\/wp-json\/wp\/v2\/product_brand?post=12331"},{"taxonomy":"product_cat","embeddable":true,"href":"https:\/\/liutuvartai.lt\/en\/wp-json\/wp\/v2\/product_cat?post=12331"},{"taxonomy":"product_tag","embeddable":true,"href":"https:\/\/liutuvartai.lt\/en\/wp-json\/wp\/v2\/product_tag?post=12331"}],"curies":[{"name":"wp","href":"https:\/\/api.w.org\/{rel}","templated":true}]}}