		{"id":1173,"date":"2020-10-31T16:31:07","date_gmt":"2020-10-31T14:31:07","guid":{"rendered":"http:\/\/liutuvartai.lt\/?post_type=product&#038;p=1173"},"modified":"2024-11-29T11:06:48","modified_gmt":"2024-11-29T09:06:48","slug":"avienos-kare","status":"publish","type":"product","link":"https:\/\/liutuvartai.lt\/en\/store\/avienos-kare\/","title":{"rendered":"Lamb KARE"},"content":{"rendered":"<p>Ant griliaus kepami avienos KARE &#8222;\u010ciopsai&#8221; patiekiami su namine PITA, bakla\u017ean\u0173-pomidor\u0173 salsa ir tro\u0161kintais \u0161pinatais su m\u0117lynuoju svog\u016bnu.<\/p>","protected":false},"excerpt":{"rendered":"<p>Ant griliaus kepami avienos KARE &#8222;\u010ciopsai&#8221; patiekiami su namine PITA, bakla\u017ean\u0173-pomidor\u0173 salsa ir tro\u0161kintais \u0161pinatais su m\u0117lynuoju svog\u016bnu.<\/p>","protected":false},"featured_media":10306,"template":"","meta":[],"product_brand":[],"product_cat":[45,30],"product_tag":[],"class_list":{"0":"post-1173","1":"product","2":"type-product","3":"status-publish","4":"has-post-thumbnail","6":"product_cat-lamb","7":"product_cat-food","8":"product_shipping_class-food","10":"first","11":"instock","12":"shipping-taxable","13":"purchasable","14":"product-type-simple"},"_links":{"self":[{"href":"https:\/\/liutuvartai.lt\/en\/wp-json\/wp\/v2\/product\/1173","targetHints":{"allow":["GET"]}}],"collection":[{"href":"https:\/\/liutuvartai.lt\/en\/wp-json\/wp\/v2\/product"}],"about":[{"href":"https:\/\/liutuvartai.lt\/en\/wp-json\/wp\/v2\/types\/product"}],"wp:featuredmedia":[{"embeddable":true,"href":"https:\/\/liutuvartai.lt\/en\/wp-json\/wp\/v2\/media\/10306"}],"wp:attachment":[{"href":"https:\/\/liutuvartai.lt\/en\/wp-json\/wp\/v2\/media?parent=1173"}],"wp:term":[{"taxonomy":"product_brand","embeddable":true,"href":"https:\/\/liutuvartai.lt\/en\/wp-json\/wp\/v2\/product_brand?post=1173"},{"taxonomy":"product_cat","embeddable":true,"href":"https:\/\/liutuvartai.lt\/en\/wp-json\/wp\/v2\/product_cat?post=1173"},{"taxonomy":"product_tag","embeddable":true,"href":"https:\/\/liutuvartai.lt\/en\/wp-json\/wp\/v2\/product_tag?post=1173"}],"curies":[{"name":"wp","href":"https:\/\/api.w.org\/{rel}","templated":true}]}}