		{"id":1152,"date":"2020-10-30T10:53:38","date_gmt":"2020-10-30T08:53:38","guid":{"rendered":"http:\/\/liutuvartai.lt\/?post_type=product&#038;p=1152"},"modified":"2024-11-29T11:14:32","modified_gmt":"2024-11-29T09:14:32","slug":"kiaulienos-souvlaki","status":"publish","type":"product","link":"https:\/\/liutuvartai.lt\/en\/store\/kiaulienos-souvlaki\/","title":{"rendered":"Pork SOUVLAKI"},"content":{"rendered":"<p>Ie\u0161melis ant grilaius keptos m\u0117sos patiekiamas su graiki\u0161ka PITA, ROMAINE salotomis su agurkais, pomidorais ir aliejaus-balzamiko-medaus pada\u017eu, pomidor\u0173-bakla\u017ean\u0173 salsa ir TZATZIKI.<\/p>","protected":false},"excerpt":{"rendered":"<p>Ie\u0161melis ant grilaius keptos m\u0117sos patiekiamas su graiki\u0161ka PITA, ROMAINE salotomis su agurkais, pomidorais ir aliejaus-balzamiko-medaus pada\u017eu, pomidor\u0173-bakla\u017ean\u0173 salsa ir TZATZIKI.<\/p>","protected":false},"featured_media":1840,"template":"","meta":[],"product_brand":[],"product_cat":[46,30],"product_tag":[],"class_list":{"0":"post-1152","1":"product","2":"type-product","3":"status-publish","4":"has-post-thumbnail","6":"product_cat-pork","7":"product_cat-food","8":"product_shipping_class-food","10":"first","11":"instock","12":"shipping-taxable","13":"purchasable","14":"product-type-simple"},"_links":{"self":[{"href":"https:\/\/liutuvartai.lt\/en\/wp-json\/wp\/v2\/product\/1152","targetHints":{"allow":["GET"]}}],"collection":[{"href":"https:\/\/liutuvartai.lt\/en\/wp-json\/wp\/v2\/product"}],"about":[{"href":"https:\/\/liutuvartai.lt\/en\/wp-json\/wp\/v2\/types\/product"}],"wp:featuredmedia":[{"embeddable":true,"href":"https:\/\/liutuvartai.lt\/en\/wp-json\/wp\/v2\/media\/1840"}],"wp:attachment":[{"href":"https:\/\/liutuvartai.lt\/en\/wp-json\/wp\/v2\/media?parent=1152"}],"wp:term":[{"taxonomy":"product_brand","embeddable":true,"href":"https:\/\/liutuvartai.lt\/en\/wp-json\/wp\/v2\/product_brand?post=1152"},{"taxonomy":"product_cat","embeddable":true,"href":"https:\/\/liutuvartai.lt\/en\/wp-json\/wp\/v2\/product_cat?post=1152"},{"taxonomy":"product_tag","embeddable":true,"href":"https:\/\/liutuvartai.lt\/en\/wp-json\/wp\/v2\/product_tag?post=1152"}],"curies":[{"name":"wp","href":"https:\/\/api.w.org\/{rel}","templated":true}]}}