		{"id":1147,"date":"2020-10-30T10:49:09","date_gmt":"2020-10-30T08:49:09","guid":{"rendered":"http:\/\/liutuvartai.lt\/?post_type=product&#038;p=1147"},"modified":"2024-11-29T11:42:16","modified_gmt":"2024-11-29T09:42:16","slug":"vistienos-souvlaki","status":"publish","type":"product","link":"https:\/\/liutuvartai.lt\/en\/store\/vistienos-souvlaki\/","title":{"rendered":"Chicken SOUVLAKI"},"content":{"rendered":"<p>Ie\u0161melis and griliaus keptos m\u0117sos patiekiamas su naminiais Fettuccine makaronais, ant ugnies keptu obuoliu ir \u0161velniu jogurtiniu TZATZIKI pada\u017eu.<\/p>","protected":false},"excerpt":{"rendered":"<p>Ie\u0161melis and griliaus keptos m\u0117sos patiekiamas su naminiais Fettuccine makaronais, ant ugnies keptu obuoliu ir \u0161velniu jogurtiniu TZATZIKI pada\u017eu.<\/p>","protected":false},"featured_media":5273,"template":"","meta":[],"product_brand":[],"product_cat":[30,44],"product_tag":[],"class_list":{"0":"post-1147","1":"product","2":"type-product","3":"status-publish","4":"has-post-thumbnail","6":"product_cat-food","7":"product_cat-chicken","8":"product_shipping_class-food","10":"first","11":"instock","12":"shipping-taxable","13":"purchasable","14":"product-type-simple"},"_links":{"self":[{"href":"https:\/\/liutuvartai.lt\/en\/wp-json\/wp\/v2\/product\/1147","targetHints":{"allow":["GET"]}}],"collection":[{"href":"https:\/\/liutuvartai.lt\/en\/wp-json\/wp\/v2\/product"}],"about":[{"href":"https:\/\/liutuvartai.lt\/en\/wp-json\/wp\/v2\/types\/product"}],"wp:featuredmedia":[{"embeddable":true,"href":"https:\/\/liutuvartai.lt\/en\/wp-json\/wp\/v2\/media\/5273"}],"wp:attachment":[{"href":"https:\/\/liutuvartai.lt\/en\/wp-json\/wp\/v2\/media?parent=1147"}],"wp:term":[{"taxonomy":"product_brand","embeddable":true,"href":"https:\/\/liutuvartai.lt\/en\/wp-json\/wp\/v2\/product_brand?post=1147"},{"taxonomy":"product_cat","embeddable":true,"href":"https:\/\/liutuvartai.lt\/en\/wp-json\/wp\/v2\/product_cat?post=1147"},{"taxonomy":"product_tag","embeddable":true,"href":"https:\/\/liutuvartai.lt\/en\/wp-json\/wp\/v2\/product_tag?post=1147"}],"curies":[{"name":"wp","href":"https:\/\/api.w.org\/{rel}","templated":true}]}}