		{"id":1136,"date":"2020-10-29T18:13:45","date_gmt":"2020-10-29T16:13:45","guid":{"rendered":"http:\/\/liutuvartai.lt\/?post_type=product&#038;p=1136"},"modified":"2025-07-27T14:07:15","modified_gmt":"2025-07-27T11:07:15","slug":"vidurzemio-juros-tuno-tartaras","status":"publish","type":"product","link":"https:\/\/liutuvartai.lt\/en\/store\/vidurzemio-juros-tuno-tartaras\/","title":{"rendered":"Mediterranean tuna tartare"},"content":{"rendered":"<p>\u017dalias stambiai kapotas tunas mai\u0161omas su m\u0117lynuoju svog\u016bnu ir balzamiko-medaus-aliejaus pada\u017eu. Patiekiamas su skrebu\u010diu su m\u0117lynojo pel\u0117sio s\u016briu.<\/p>","protected":false},"excerpt":{"rendered":"<p>\u017dalias stambiai kapotas tunas mai\u0161omas su m\u0117lynuoju svog\u016bnu ir balzamiko-medaus-aliejaus pada\u017eu. Patiekiamas su skrebu\u010diu su m\u0117lynojo pel\u0117sio s\u016briu.<\/p>","protected":false},"featured_media":0,"template":"","meta":[],"product_brand":[],"product_cat":[30,32],"product_tag":[],"class_list":{"0":"post-1136","1":"product","2":"type-product","3":"status-publish","5":"product_cat-food","6":"product_cat-snacks","7":"product_shipping_class-food","9":"first","10":"instock","11":"shipping-taxable","12":"purchasable","13":"product-type-simple"},"_links":{"self":[{"href":"https:\/\/liutuvartai.lt\/en\/wp-json\/wp\/v2\/product\/1136","targetHints":{"allow":["GET"]}}],"collection":[{"href":"https:\/\/liutuvartai.lt\/en\/wp-json\/wp\/v2\/product"}],"about":[{"href":"https:\/\/liutuvartai.lt\/en\/wp-json\/wp\/v2\/types\/product"}],"wp:attachment":[{"href":"https:\/\/liutuvartai.lt\/en\/wp-json\/wp\/v2\/media?parent=1136"}],"wp:term":[{"taxonomy":"product_brand","embeddable":true,"href":"https:\/\/liutuvartai.lt\/en\/wp-json\/wp\/v2\/product_brand?post=1136"},{"taxonomy":"product_cat","embeddable":true,"href":"https:\/\/liutuvartai.lt\/en\/wp-json\/wp\/v2\/product_cat?post=1136"},{"taxonomy":"product_tag","embeddable":true,"href":"https:\/\/liutuvartai.lt\/en\/wp-json\/wp\/v2\/product_tag?post=1136"}],"curies":[{"name":"wp","href":"https:\/\/api.w.org\/{rel}","templated":true}]}}