		{"id":1108,"date":"2020-10-29T16:42:16","date_gmt":"2020-10-29T14:42:16","guid":{"rendered":"http:\/\/liutuvartai.lt\/?post_type=product&#038;p=1108"},"modified":"2025-07-27T13:11:28","modified_gmt":"2025-07-27T10:11:28","slug":"kiprietiska-mezze","status":"publish","type":"product","link":"https:\/\/liutuvartai.lt\/en\/store\/kiprietiska-mezze\/","title":{"rendered":"Graiki\u0161k\u0173 u\u017etepeli\u0173 MEZZE"},"content":{"rendered":"<p>Mezze u\u017etep\u0117li\u0173 rinkinys:<\/p>","protected":false},"excerpt":{"rendered":"<p>Mezze u\u017etep\u0117li\u0173 rinkinys:<\/p>","protected":false},"featured_media":0,"template":"","meta":[],"product_brand":[],"product_cat":[30,32],"product_tag":[],"class_list":{"0":"post-1108","1":"product","2":"type-product","3":"status-publish","5":"product_cat-food","6":"product_cat-snacks","7":"product_shipping_class-food","9":"first","10":"instock","11":"shipping-taxable","12":"purchasable","13":"product-type-simple"},"_links":{"self":[{"href":"https:\/\/liutuvartai.lt\/en\/wp-json\/wp\/v2\/product\/1108","targetHints":{"allow":["GET"]}}],"collection":[{"href":"https:\/\/liutuvartai.lt\/en\/wp-json\/wp\/v2\/product"}],"about":[{"href":"https:\/\/liutuvartai.lt\/en\/wp-json\/wp\/v2\/types\/product"}],"wp:attachment":[{"href":"https:\/\/liutuvartai.lt\/en\/wp-json\/wp\/v2\/media?parent=1108"}],"wp:term":[{"taxonomy":"product_brand","embeddable":true,"href":"https:\/\/liutuvartai.lt\/en\/wp-json\/wp\/v2\/product_brand?post=1108"},{"taxonomy":"product_cat","embeddable":true,"href":"https:\/\/liutuvartai.lt\/en\/wp-json\/wp\/v2\/product_cat?post=1108"},{"taxonomy":"product_tag","embeddable":true,"href":"https:\/\/liutuvartai.lt\/en\/wp-json\/wp\/v2\/product_tag?post=1108"}],"curies":[{"name":"wp","href":"https:\/\/api.w.org\/{rel}","templated":true}]}}