		{"id":7277,"date":"2022-03-24T17:44:07","date_gmt":"2022-03-24T15:44:07","guid":{"rendered":"https:\/\/liutuvartai.lt\/?page_id=7277"},"modified":"2023-04-08T23:44:41","modified_gmt":"2023-04-08T20:44:41","slug":"loyalty","status":"publish","type":"page","link":"https:\/\/liutuvartai.lt\/en\/loyalty\/","title":{"rendered":"Loyalty FAQ"},"content":{"rendered":"<div data-elementor-type=\"wp-page\" data-elementor-id=\"7277\" class=\"elementor elementor-7277\" data-elementor-post-type=\"page\">\n\t\t\t\t<div class=\"elementor-element elementor-element-41db165 e-flex e-con-boxed e-con e-parent\" data-id=\"41db165\" data-element_type=\"container\" data-e-type=\"container\">\n\t\t\t\t\t<div class=\"e-con-inner\">\n\t\t<div class=\"elementor-element elementor-element-b43e13c e-con-full e-flex e-con e-child\" data-id=\"b43e13c\" data-element_type=\"container\" data-e-type=\"container\">\n\t\t\t\t<div class=\"elementor-element elementor-element-d8fbfe5 elementor-widget elementor-widget-spacer\" data-id=\"d8fbfe5\" data-element_type=\"widget\" data-e-type=\"widget\" data-widget_type=\"spacer.default\">\n\t\t\t\t<div class=\"elementor-widget-container\">\n\t\t\t\t\t\t\t<div class=\"elementor-spacer\">\n\t\t\t<div class=\"elementor-spacer-inner\"><\/div>\n\t\t<\/div>\n\t\t\t\t\t\t<\/div>\n\t\t\t\t<\/div>\n\t\t\t\t<div class=\"elementor-element elementor-element-0b1db8c elementor-widget__width-initial elementor-widget elementor-widget-heading\" data-id=\"0b1db8c\" data-element_type=\"widget\" data-e-type=\"widget\" data-widget_type=\"heading.default\">\n\t\t\t\t<div class=\"elementor-widget-container\">\n\t\t\t\t\t<h2 class=\"elementor-heading-title elementor-size-default\">Loyalty card in your account<\/h2>\t\t\t\t<\/div>\n\t\t\t\t<\/div>\n\t\t\t\t<div class=\"elementor-element elementor-element-683ce37 elementor-widget elementor-widget-text-editor\" data-id=\"683ce37\" data-element_type=\"widget\" data-e-type=\"widget\" data-widget_type=\"text-editor.default\">\n\t\t\t\t<div class=\"elementor-widget-container\">\n\t\t\t\t\t\t\t\t\t<ol><li><strong>You can create a card by registering on the website.<\/strong><\/li><li>The card will always be on the home page.<\/li><li>Show the QR code of the card at the checkout to earn points when visiting the restaurant.<\/li><li>Accumulate points or purchase them in an online store.<\/li><li>Pay for orders at a restaurant or e-shop with the points collected.<\/li><\/ol>\t\t\t\t\t\t\t\t<\/div>\n\t\t\t\t<\/div>\n\t\t\t\t<div class=\"elementor-element elementor-element-329cd94 elementor-widget elementor-widget-spacer\" data-id=\"329cd94\" data-element_type=\"widget\" data-e-type=\"widget\" data-widget_type=\"spacer.default\">\n\t\t\t\t<div class=\"elementor-widget-container\">\n\t\t\t\t\t\t\t<div class=\"elementor-spacer\">\n\t\t\t<div class=\"elementor-spacer-inner\"><\/div>\n\t\t<\/div>\n\t\t\t\t\t\t<\/div>\n\t\t\t\t<\/div>\n\t\t\t\t<div class=\"elementor-element elementor-element-951b55e elementor-widget__width-initial elementor-widget elementor-widget-heading\" data-id=\"951b55e\" data-element_type=\"widget\" data-e-type=\"widget\" data-widget_type=\"heading.default\">\n\t\t\t\t<div class=\"elementor-widget-container\">\n\t\t\t\t\t<h2 class=\"elementor-heading-title elementor-size-default\">How to accumulate points<\/h2>\t\t\t\t<\/div>\n\t\t\t\t<\/div>\n\t\t\t\t<div class=\"elementor-element elementor-element-ffa45a0 elementor-widget elementor-widget-text-editor\" data-id=\"ffa45a0\" data-element_type=\"widget\" data-e-type=\"widget\" data-widget_type=\"text-editor.default\">\n\t\t\t\t<div class=\"elementor-widget-container\">\n\t\t\t\t\t\t\t\t\t<p>Collect points in several ways:<\/p><ul><li>\u00a0Buy goods and services in our online store and restaurant. For every euro spent, you get 10% back from the amount. (* Points do not count for alcohol and tobacco goods. *)<\/li><li>Buy points directly with which you can then pay for goods and services.<\/li><li>Follow various promotions and contests on our social networks.<\/li><\/ul>\t\t\t\t\t\t\t\t<\/div>\n\t\t\t\t<\/div>\n\t\t\t\t<div class=\"elementor-element elementor-element-55da7e7 elementor-widget elementor-widget-spacer\" data-id=\"55da7e7\" data-element_type=\"widget\" data-e-type=\"widget\" data-widget_type=\"spacer.default\">\n\t\t\t\t<div class=\"elementor-widget-container\">\n\t\t\t\t\t\t\t<div class=\"elementor-spacer\">\n\t\t\t<div class=\"elementor-spacer-inner\"><\/div>\n\t\t<\/div>\n\t\t\t\t\t\t<\/div>\n\t\t\t\t<\/div>\n\t\t\t\t<\/div>\n\t\t\t\t\t<\/div>\n\t\t\t\t<\/div>\n\t\t\t\t<\/div>","protected":false},"excerpt":{"rendered":"<p>Lojalumo kortel\u0117 j\u016bs\u0173 paskyroje Susikurti kortel\u0119 galite prisiregistrav\u0119 svetain\u0117je. Kortel\u0117 vis\u0105 laik\u0105 bus pradiniame puslapyje. Parodykite kortel\u0117s QR kod\u0105 prie kasos, jei norite kaupti ta\u0161kus lankydamiesi\u00a0 restorane. Kaupkite ta\u0161kus arba juos \u012fsigykite elektronin\u0117je parduotuv\u0117je. Surinktais ta\u0161kais apmok\u0117kite u\u017esakymus restorane arba elektronin\u0117je parduotuv\u0117je. Kaip kaupti ta\u0161kus Ta\u0161kus kaupkite keliais b\u016bdais: \u00a0Pirkite prekes ir paslaugas m\u016bs\u0173 internetin\u0117je [&hellip;]<\/p>\n","protected":false},"author":2536000897146217,"featured_media":0,"parent":0,"menu_order":0,"comment_status":"closed","ping_status":"closed","template":"","meta":{"footnotes":""},"class_list":["post-7277","page","type-page","status-publish","hentry"],"_links":{"self":[{"href":"https:\/\/liutuvartai.lt\/en\/wp-json\/wp\/v2\/pages\/7277","targetHints":{"allow":["GET"]}}],"collection":[{"href":"https:\/\/liutuvartai.lt\/en\/wp-json\/wp\/v2\/pages"}],"about":[{"href":"https:\/\/liutuvartai.lt\/en\/wp-json\/wp\/v2\/types\/page"}],"author":[{"embeddable":true,"href":"https:\/\/liutuvartai.lt\/en\/wp-json\/wp\/v2\/users\/2536000897146217"}],"replies":[{"embeddable":true,"href":"https:\/\/liutuvartai.lt\/en\/wp-json\/wp\/v2\/comments?post=7277"}],"version-history":[{"count":0,"href":"https:\/\/liutuvartai.lt\/en\/wp-json\/wp\/v2\/pages\/7277\/revisions"}],"wp:attachment":[{"href":"https:\/\/liutuvartai.lt\/en\/wp-json\/wp\/v2\/media?parent=7277"}],"curies":[{"name":"wp","href":"https:\/\/api.w.org\/{rel}","templated":true}]}}