		{"id":402,"date":"2020-06-03T21:19:49","date_gmt":"2020-06-03T18:19:49","guid":{"rendered":"http:\/\/liutuvartai.lt\/cart\/"},"modified":"2024-04-13T16:19:44","modified_gmt":"2024-04-13T13:19:44","slug":"cart","status":"publish","type":"page","link":"https:\/\/liutuvartai.lt\/en\/cart\/","title":{"rendered":"Cart"},"content":{"rendered":"<div data-elementor-type=\"wp-page\" data-elementor-id=\"402\" class=\"elementor elementor-402\" data-elementor-post-type=\"page\">\n\t\t\t\t\t\t<section class=\"elementor-section elementor-top-section elementor-element elementor-element-611ce6a8 elementor-section-boxed elementor-section-height-default elementor-section-height-default\" data-id=\"611ce6a8\" data-element_type=\"section\" data-e-type=\"section\" data-settings=\"{&quot;background_background&quot;:&quot;classic&quot;}\">\n\t\t\t\t\t\t<div class=\"elementor-container elementor-column-gap-default\">\n\t\t\t\t\t<div class=\"elementor-column elementor-col-100 elementor-top-column elementor-element elementor-element-2b67aa4f\" data-id=\"2b67aa4f\" data-element_type=\"column\" data-e-type=\"column\">\n\t\t\t<div class=\"elementor-widget-wrap elementor-element-populated\">\n\t\t\t\t\t\t<div class=\"elementor-element elementor-element-067caf6 elementor-widget elementor-widget-spacer\" data-id=\"067caf6\" data-element_type=\"widget\" data-e-type=\"widget\" data-widget_type=\"spacer.default\">\n\t\t\t\t<div class=\"elementor-widget-container\">\n\t\t\t\t\t\t\t<div class=\"elementor-spacer\">\n\t\t\t<div class=\"elementor-spacer-inner\"><\/div>\n\t\t<\/div>\n\t\t\t\t\t\t<\/div>\n\t\t\t\t<\/div>\n\t\t\t\t<div class=\"elementor-element elementor-element-5a681f6 elementor-widget__width-initial elementor-widget elementor-widget-heading\" data-id=\"5a681f6\" data-element_type=\"widget\" data-e-type=\"widget\" data-widget_type=\"heading.default\">\n\t\t\t\t<div class=\"elementor-widget-container\">\n\t\t\t\t\t<h1 class=\"elementor-heading-title elementor-size-default\">Shopping cart<\/h1>\t\t\t\t<\/div>\n\t\t\t\t<\/div>\n\t\t\t\t<div class=\"elementor-element elementor-element-2e82805 elementor-widget elementor-widget-spacer\" data-id=\"2e82805\" data-element_type=\"widget\" data-e-type=\"widget\" data-widget_type=\"spacer.default\">\n\t\t\t\t<div class=\"elementor-widget-container\">\n\t\t\t\t\t\t\t<div class=\"elementor-spacer\">\n\t\t\t<div class=\"elementor-spacer-inner\"><\/div>\n\t\t<\/div>\n\t\t\t\t\t\t<\/div>\n\t\t\t\t<\/div>\n\t\t\t\t\t<\/div>\n\t\t<\/div>\n\t\t\t\t\t<\/div>\n\t\t<\/section>\n\t\t\t\t<\/div>","protected":false},"excerpt":{"rendered":"<p>Krep\u0161elis Remove item Thumbnail image Product Price Quantity Subtotal &times; Botanic Base &euro;9.90 Botanic Base quantity &euro;9.90 &times; Kodra Retcina &euro;13.00 Kodra Retcina quantity &euro;13.00 Cart Totals Subtotal &euro;22.90 Shipping Atsiimti restorane Kurjeris Vilniuje (t\u0105 pa\u010di\u0105 dien\u0105): &euro;8.00 LP Express: &euro;3.50 Shipping to Pylimo 27-18, Vilnius, Vilnius, 01309. Change address Country \/ region: Select a [&hellip;]<\/p>\n","protected":false},"author":2536000897146217,"featured_media":0,"parent":0,"menu_order":0,"comment_status":"closed","ping_status":"closed","template":"elementor_header_footer","meta":{"footnotes":""},"class_list":["post-402","page","type-page","status-publish","hentry"],"_links":{"self":[{"href":"https:\/\/liutuvartai.lt\/en\/wp-json\/wp\/v2\/pages\/402","targetHints":{"allow":["GET"]}}],"collection":[{"href":"https:\/\/liutuvartai.lt\/en\/wp-json\/wp\/v2\/pages"}],"about":[{"href":"https:\/\/liutuvartai.lt\/en\/wp-json\/wp\/v2\/types\/page"}],"author":[{"embeddable":true,"href":"https:\/\/liutuvartai.lt\/en\/wp-json\/wp\/v2\/users\/2536000897146217"}],"replies":[{"embeddable":true,"href":"https:\/\/liutuvartai.lt\/en\/wp-json\/wp\/v2\/comments?post=402"}],"version-history":[{"count":9,"href":"https:\/\/liutuvartai.lt\/en\/wp-json\/wp\/v2\/pages\/402\/revisions"}],"predecessor-version":[{"id":14320,"href":"https:\/\/liutuvartai.lt\/en\/wp-json\/wp\/v2\/pages\/402\/revisions\/14320"}],"wp:attachment":[{"href":"https:\/\/liutuvartai.lt\/en\/wp-json\/wp\/v2\/media?parent=402"}],"curies":[{"name":"wp","href":"https:\/\/api.w.org\/{rel}","templated":true}]}}