		{"id":16479,"date":"2025-07-21T11:24:10","date_gmt":"2025-07-21T08:24:10","guid":{"rendered":"https:\/\/liutuvartai.lt\/?page_id=16479"},"modified":"2025-11-19T15:16:51","modified_gmt":"2025-11-19T13:16:51","slug":"bakaliko","status":"publish","type":"page","link":"https:\/\/liutuvartai.lt\/en\/bakaliko\/","title":{"rendered":"Deli"},"content":{"rendered":"\t\t<div data-elementor-type=\"wp-page\" data-elementor-id=\"16479\" class=\"elementor elementor-16479\" data-elementor-post-type=\"page\">\n\t\t\t\t<div class=\"elementor-element elementor-element-cdadf11 e-flex e-con-boxed e-con e-parent\" data-id=\"cdadf11\" data-element_type=\"container\" data-e-type=\"container\">\n\t\t\t\t\t<div class=\"e-con-inner\">\n\t\t\t\t<div class=\"elementor-element elementor-element-1d1af51 elementor-hidden-mobile elementor-widget elementor-widget-spacer\" data-id=\"1d1af51\" data-element_type=\"widget\" data-e-type=\"widget\" data-widget_type=\"spacer.default\">\n\t\t\t\t<div class=\"elementor-widget-container\">\n\t\t\t\t\t\t\t<div class=\"elementor-spacer\">\n\t\t\t<div class=\"elementor-spacer-inner\"><\/div>\n\t\t<\/div>\n\t\t\t\t\t\t<\/div>\n\t\t\t\t<\/div>\n\t\t\t\t<div class=\"elementor-element elementor-element-7fc9ff5 elementor-widget elementor-widget-heading\" data-id=\"7fc9ff5\" data-element_type=\"widget\" data-e-type=\"widget\" data-widget_type=\"heading.default\">\n\t\t\t\t<div class=\"elementor-widget-container\">\n\t\t\t\t\t<h2 class=\"elementor-heading-title elementor-size-default\">Alyvuogi\u0173 aliejus<\/h2>\t\t\t\t<\/div>\n\t\t\t\t<\/div>\n\t\t\t\t\t<\/div>\n\t\t\t\t<\/div>\n\t\t<div class=\"elementor-element elementor-element-b71d865 e-flex e-con-boxed e-con e-parent\" data-id=\"b71d865\" data-element_type=\"container\" data-e-type=\"container\">\n\t\t\t\t\t<div class=\"e-con-inner\">\n\t\t\t\t<div class=\"woocommerce elementor-element elementor-element-a768a3c elementor-grid-2 elementor-grid-tablet-2 elementor-grid-mobile-1 elementor-widget elementor-widget-loop-grid\" data-id=\"a768a3c\" data-element_type=\"widget\" data-e-type=\"widget\" data-settings=\"{&quot;_skin&quot;:&quot;product&quot;,&quot;template_id&quot;:&quot;16492&quot;,&quot;columns&quot;:2,&quot;row_gap&quot;:{&quot;unit&quot;:&quot;px&quot;,&quot;size&quot;:15,&quot;sizes&quot;:[]},&quot;columns_tablet&quot;:&quot;2&quot;,&quot;columns_mobile&quot;:&quot;1&quot;,&quot;edit_handle_selector&quot;:&quot;[data-elementor-type=\\&quot;loop-item\\&quot;]&quot;,&quot;row_gap_tablet&quot;:{&quot;unit&quot;:&quot;px&quot;,&quot;size&quot;:&quot;&quot;,&quot;sizes&quot;:[]},&quot;row_gap_mobile&quot;:{&quot;unit&quot;:&quot;px&quot;,&quot;size&quot;:&quot;&quot;,&quot;sizes&quot;:[]}}\" data-widget_type=\"loop-grid.product\">\n\t\t\t\t<div class=\"elementor-widget-container\">\n\t\t\t\t\t\t\t<div class=\"elementor-loop-container elementor-grid\" role=\"list\">\n\t\t<style id=\"loop-16492\">.elementor-16492 .elementor-element.elementor-element-1a1a724{--display:flex;--align-items:stretch;--container-widget-width:calc( ( 1 - var( --container-widget-flex-grow ) ) * 100% );--gap:7px 7px;--row-gap:7px;--column-gap:7px;--border-radius:5px 5px 5px 5px;box-shadow:0px 0px 4px 0px rgba(0,0,0,0.5);}.elementor-16492 .elementor-element.elementor-element-ce5281a{--display:flex;--flex-direction:row;--container-widget-width:initial;--container-widget-height:100%;--container-widget-flex-grow:1;--container-widget-align-self:stretch;--flex-wrap-mobile:wrap;--justify-content:center;}.elementor-16492 .elementor-element.elementor-element-441e437{text-align:start;width:var( --container-widget-width, 40% );max-width:40%;--container-widget-width:40%;--container-widget-flex-grow:0;}.elementor-16492 .elementor-element.elementor-element-441e437 .elementor-heading-title{font-family:\"Georgia\", Georgia;font-size:18px;}.elementor-16492 .elementor-element.elementor-element-441e437.elementor-element{--align-self:flex-start;}.elementor-16492 .elementor-element.elementor-element-0b7b07e{width:var( --container-widget-width, 40% );max-width:40%;--container-widget-width:40%;--container-widget-flex-grow:0;}.elementor-16492 .elementor-element.elementor-element-0b7b07e.elementor-element{--align-self:flex-end;}.elementor-16492 .elementor-element.elementor-element-7285b23 .cart button, .elementor-16492 .elementor-element.elementor-element-7285b23 .cart .button{transition:all 0.2s;}.elementor-16492 .elementor-element.elementor-element-7285b23 .quantity .qty{transition:all 0.2s;}<\/style>\t\t<div data-elementor-type=\"loop-item\" data-elementor-id=\"16492\" class=\"elementor elementor-16492 e-loop-item e-loop-item-17094 post-17094 product type-product status-publish has-post-thumbnail product_cat-oil product_shipping_class-food first instock shipping-taxable purchasable product-type-variable\" data-elementor-post-type=\"elementor_library\" data-custom-edit-handle=\"1\">\n\t\t\t<div class=\"elementor-element elementor-element-1a1a724 e-flex e-con-boxed e-con e-parent\" data-id=\"1a1a724\" data-element_type=\"container\" data-e-type=\"container\">\n\t\t\t\t\t<div class=\"e-con-inner\">\n\t\t<div class=\"elementor-element elementor-element-ce5281a e-con-full e-flex e-con e-child\" data-id=\"ce5281a\" data-element_type=\"container\" data-e-type=\"container\">\n\t\t\t\t<div class=\"elementor-element elementor-element-441e437 elementor-widget__width-initial elementor-widget elementor-widget-woocommerce-product-title elementor-page-title elementor-widget-heading\" data-id=\"441e437\" data-element_type=\"widget\" data-e-type=\"widget\" data-widget_type=\"woocommerce-product-title.default\">\n\t\t\t\t<div class=\"elementor-widget-container\">\n\t\t\t\t\t<h3 class=\"product_title entry-title elementor-heading-title elementor-size-default\">Aliejaus papildymas (\u012f J\u016bs\u0173 tar\u0105)<\/h3>\t\t\t\t<\/div>\n\t\t\t\t<\/div>\n\t\t\t\t<div class=\"elementor-element elementor-element-0b7b07e elementor-widget__width-initial elementor-widget elementor-widget-woocommerce-product-price\" data-id=\"0b7b07e\" data-element_type=\"widget\" data-e-type=\"widget\" data-widget_type=\"woocommerce-product-price.default\">\n\t\t\t\t<div class=\"elementor-widget-container\">\n\t\t\t\t\t<p class=\"price\"><span class=\"woocommerce-Price-amount amount\" aria-hidden=\"true\"><bdi><span class=\"woocommerce-Price-currencySymbol\">&euro;<\/span>6.00<\/bdi><\/span> <span aria-hidden=\"true\">&ndash;<\/span> <span class=\"woocommerce-Price-amount amount\" aria-hidden=\"true\"><bdi><span class=\"woocommerce-Price-currencySymbol\">&euro;<\/span>12.00<\/bdi><\/span><span class=\"screen-reader-text\">Price range: &euro;6.00 through &euro;12.00<\/span><\/p>\n\t\t\t\t<\/div>\n\t\t\t\t<\/div>\n\t\t\t\t<\/div>\n\t\t\t\t<div class=\"elementor-element elementor-element-16d822d elementor-widget elementor-widget-theme-post-featured-image elementor-widget-image\" data-id=\"16d822d\" data-element_type=\"widget\" data-e-type=\"widget\" data-widget_type=\"theme-post-featured-image.default\">\n\t\t\t\t<div class=\"elementor-widget-container\">\n\t\t\t\t\t\t\t\t\t\t\t\t\t\t\t<img fetchpriority=\"high\" decoding=\"async\" width=\"300\" height=\"300\" src=\"https:\/\/liutuvartai.lt\/wp-content\/uploads\/2025\/11\/Oil-Refil-300x300.png\" class=\"attachment-medium size-medium wp-image-17097\" alt=\"\" srcset=\"https:\/\/liutuvartai.lt\/wp-content\/uploads\/2025\/11\/Oil-Refil-300x300.png 300w, https:\/\/liutuvartai.lt\/wp-content\/uploads\/2025\/11\/Oil-Refil-150x150.png 150w, https:\/\/liutuvartai.lt\/wp-content\/uploads\/2025\/11\/Oil-Refil-768x768.png 768w, https:\/\/liutuvartai.lt\/wp-content\/uploads\/2025\/11\/Oil-Refil-60x60.png 60w, https:\/\/liutuvartai.lt\/wp-content\/uploads\/2025\/11\/Oil-Refil-12x12.png 12w, https:\/\/liutuvartai.lt\/wp-content\/uploads\/2025\/11\/Oil-Refil-100x100.png 100w, https:\/\/liutuvartai.lt\/wp-content\/uploads\/2025\/11\/Oil-Refil-96x96.png 96w, https:\/\/liutuvartai.lt\/wp-content\/uploads\/2025\/11\/Oil-Refil-42x42.png 42w, https:\/\/liutuvartai.lt\/wp-content\/uploads\/2025\/11\/Oil-Refil.png 1024w\" sizes=\"(max-width: 300px) 100vw, 300px\" \/>\t\t\t\t\t\t\t\t\t\t\t\t\t\t\t<\/div>\n\t\t\t\t<\/div>\n\t\t\t\t<div class=\"elementor-element elementor-element-7285b23 elementor-add-to-cart--align-justify e-add-to-cart--show-quantity-yes elementor-widget elementor-widget-woocommerce-product-add-to-cart\" data-id=\"7285b23\" data-element_type=\"widget\" data-e-type=\"widget\" data-widget_type=\"woocommerce-product-add-to-cart.default\">\n\t\t\t\t<div class=\"elementor-widget-container\">\n\t\t\t\t\t\n\t\t<div class=\"elementor-add-to-cart elementor-product-variable\">\n\t\t\t\t\t<div class=\"e-loop-add-to-cart-form-container\">\n\t\t\t<form class=\"cart e-loop-add-to-cart-form\">\n\t\t\t\t<a href=\"https:\/\/liutuvartai.lt\/en\/store\/oil-refil\/\" aria-describedby=\"woocommerce_loop_add_to_cart_link_describedby_17094\" data-quantity=\"1\" class=\"button product_type_variable add_to_cart_button\" data-product_id=\"17094\" data-product_sku=\"\" aria-label=\"Select options for &ldquo;Aliejaus papildymas (\u012f J\u016bs\u0173 tar\u0105)&rdquo;\" rel=\"nofollow\">Select options<\/a>\t<span id=\"woocommerce_loop_add_to_cart_link_describedby_17094\" class=\"screen-reader-text\">\n\t\tThis product has multiple variants. The options may be chosen on the product page\t<\/span>\n\t\t\t<\/form>\n\t\t<\/div>\n\t\t\t\t<\/div>\n\n\t\t\t\t\t\t<\/div>\n\t\t\t\t<\/div>\n\t\t\t\t\t<\/div>\n\t\t\t\t<\/div>\n\t\t\t\t<\/div>\n\t\t\t\t<div data-elementor-type=\"loop-item\" data-elementor-id=\"16492\" class=\"elementor elementor-16492 e-loop-item e-loop-item-16379 post-16379 product type-product status-publish has-post-thumbnail product_cat-oil  instock shipping-taxable purchasable product-type-simple\" data-elementor-post-type=\"elementor_library\" data-custom-edit-handle=\"1\">\n\t\t\t<div class=\"elementor-element elementor-element-1a1a724 e-flex e-con-boxed e-con e-parent\" data-id=\"1a1a724\" data-element_type=\"container\" data-e-type=\"container\">\n\t\t\t\t\t<div class=\"e-con-inner\">\n\t\t<div class=\"elementor-element elementor-element-ce5281a e-con-full e-flex e-con e-child\" data-id=\"ce5281a\" data-element_type=\"container\" data-e-type=\"container\">\n\t\t\t\t<div class=\"elementor-element elementor-element-441e437 elementor-widget__width-initial elementor-widget elementor-widget-woocommerce-product-title elementor-page-title elementor-widget-heading\" data-id=\"441e437\" data-element_type=\"widget\" data-e-type=\"widget\" data-widget_type=\"woocommerce-product-title.default\">\n\t\t\t\t<div class=\"elementor-widget-container\">\n\t\t\t\t\t<h3 class=\"product_title entry-title elementor-heading-title elementor-size-default\">Harma Value<\/h3>\t\t\t\t<\/div>\n\t\t\t\t<\/div>\n\t\t\t\t<div class=\"elementor-element elementor-element-0b7b07e elementor-widget__width-initial elementor-widget elementor-widget-woocommerce-product-price\" data-id=\"0b7b07e\" data-element_type=\"widget\" data-e-type=\"widget\" data-widget_type=\"woocommerce-product-price.default\">\n\t\t\t\t<div class=\"elementor-widget-container\">\n\t\t\t\t\t<p class=\"price\"><span class=\"woocommerce-Price-amount amount\"><bdi><span class=\"woocommerce-Price-currencySymbol\">&euro;<\/span>15.70<\/bdi><\/span><\/p>\n\t\t\t\t<\/div>\n\t\t\t\t<\/div>\n\t\t\t\t<\/div>\n\t\t\t\t<div class=\"elementor-element elementor-element-16d822d elementor-widget elementor-widget-theme-post-featured-image elementor-widget-image\" data-id=\"16d822d\" data-element_type=\"widget\" data-e-type=\"widget\" data-widget_type=\"theme-post-featured-image.default\">\n\t\t\t\t<div class=\"elementor-widget-container\">\n\t\t\t\t\t\t\t\t\t\t\t\t\t\t\t<img decoding=\"async\" width=\"200\" height=\"300\" src=\"https:\/\/liutuvartai.lt\/wp-content\/uploads\/2025\/05\/Harma-Value-200x300.png\" class=\"attachment-medium size-medium wp-image-16380\" alt=\"\" srcset=\"https:\/\/liutuvartai.lt\/wp-content\/uploads\/2025\/05\/Harma-Value-200x300.png 200w, https:\/\/liutuvartai.lt\/wp-content\/uploads\/2025\/05\/Harma-Value-40x60.png 40w, https:\/\/liutuvartai.lt\/wp-content\/uploads\/2025\/05\/Harma-Value-8x12.png 8w, https:\/\/liutuvartai.lt\/wp-content\/uploads\/2025\/05\/Harma-Value-150x225.png 150w, https:\/\/liutuvartai.lt\/wp-content\/uploads\/2025\/05\/Harma-Value-300x450.png 300w, https:\/\/liutuvartai.lt\/wp-content\/uploads\/2025\/05\/Harma-Value-64x96.png 64w, https:\/\/liutuvartai.lt\/wp-content\/uploads\/2025\/05\/Harma-Value-28x42.png 28w, https:\/\/liutuvartai.lt\/wp-content\/uploads\/2025\/05\/Harma-Value.png 600w\" sizes=\"(max-width: 200px) 100vw, 200px\" \/>\t\t\t\t\t\t\t\t\t\t\t\t\t\t\t<\/div>\n\t\t\t\t<\/div>\n\t\t\t\t<div class=\"elementor-element elementor-element-7285b23 elementor-add-to-cart--align-justify e-add-to-cart--show-quantity-yes elementor-widget elementor-widget-woocommerce-product-add-to-cart\" data-id=\"7285b23\" data-element_type=\"widget\" data-e-type=\"widget\" data-widget_type=\"woocommerce-product-add-to-cart.default\">\n\t\t\t\t<div class=\"elementor-widget-container\">\n\t\t\t\t\t\n\t\t<div class=\"elementor-add-to-cart elementor-product-simple\">\n\t\t\t\t\t<div class=\"e-loop-add-to-cart-form-container\">\n\t\t\t<form class=\"cart e-loop-add-to-cart-form\">\n\t\t\t\t<div class=\"quantity\">\n\t\t<label class=\"screen-reader-text\" for=\"quantity_69d5a93e41a92\">Harma Value quantity<\/label>\n\t<input\n\t\ttype=\"number\"\n\t\t\t\tid=\"quantity_69d5a93e41a92\"\n\t\tclass=\"input-text qty text\"\n\t\tname=\"quantity\"\n\t\tvalue=\"1\"\n\t\taria-label=\"Product quantity\"\n\t\t\t\tmin=\"1\"\n\t\t\t\t\t\t\tstep=\"1\"\n\t\t\tplaceholder=\"\"\n\t\t\tinputmode=\"numeric\"\n\t\t\tautocomplete=\"off\"\n\t\t\t\/>\n\t<\/div>\n<a href=\"\/en\/wp-json\/wp\/v2\/pages\/16479?add-to-cart=16379\" aria-describedby=\"woocommerce_loop_add_to_cart_link_describedby_16379\" data-quantity=\"1\" class=\"button product_type_simple add_to_cart_button ajax_add_to_cart\" data-product_id=\"16379\" data-product_sku=\"\" aria-label=\"Add to basket: &ldquo;Harma Value&rdquo;\" rel=\"nofollow\" data-success_message=\"&ldquo;Harma Value&rdquo; has been added to your cart\" role=\"button\">Add to basket<\/a>\t<span id=\"woocommerce_loop_add_to_cart_link_describedby_16379\" class=\"screen-reader-text\">\n\t\t\t<\/span>\n\t\t\t<\/form>\n\t\t<\/div>\n\t\t\t\t<\/div>\n\n\t\t\t\t\t\t<\/div>\n\t\t\t\t<\/div>\n\t\t\t\t\t<\/div>\n\t\t\t\t<\/div>\n\t\t\t\t<\/div>\n\t\t\t\t<\/div>\n\t\t\n\t\t\t\t\t\t<\/div>\n\t\t\t\t<\/div>\n\t\t\t\t<div class=\"elementor-element elementor-element-0a9c0de elementor-widget elementor-widget-spacer\" data-id=\"0a9c0de\" data-element_type=\"widget\" data-e-type=\"widget\" data-widget_type=\"spacer.default\">\n\t\t\t\t<div class=\"elementor-widget-container\">\n\t\t\t\t\t\t\t<div class=\"elementor-spacer\">\n\t\t\t<div class=\"elementor-spacer-inner\"><\/div>\n\t\t<\/div>\n\t\t\t\t\t\t<\/div>\n\t\t\t\t<\/div>\n\t\t\t\t\t<\/div>\n\t\t\t\t<\/div>\n\t\t\t\t<\/div>\n\t\t","protected":false},"excerpt":{"rendered":"<p>Alyvuogi\u0173 aliejus<\/p>","protected":false},"author":2536000897146217,"featured_media":0,"parent":0,"menu_order":0,"comment_status":"closed","ping_status":"closed","template":"","meta":{"footnotes":""},"class_list":["post-16479","page","type-page","status-publish","hentry"],"_links":{"self":[{"href":"https:\/\/liutuvartai.lt\/en\/wp-json\/wp\/v2\/pages\/16479","targetHints":{"allow":["GET"]}}],"collection":[{"href":"https:\/\/liutuvartai.lt\/en\/wp-json\/wp\/v2\/pages"}],"about":[{"href":"https:\/\/liutuvartai.lt\/en\/wp-json\/wp\/v2\/types\/page"}],"author":[{"embeddable":true,"href":"https:\/\/liutuvartai.lt\/en\/wp-json\/wp\/v2\/users\/2536000897146217"}],"replies":[{"embeddable":true,"href":"https:\/\/liutuvartai.lt\/en\/wp-json\/wp\/v2\/comments?post=16479"}],"version-history":[{"count":34,"href":"https:\/\/liutuvartai.lt\/en\/wp-json\/wp\/v2\/pages\/16479\/revisions"}],"predecessor-version":[{"id":17108,"href":"https:\/\/liutuvartai.lt\/en\/wp-json\/wp\/v2\/pages\/16479\/revisions\/17108"}],"wp:attachment":[{"href":"https:\/\/liutuvartai.lt\/en\/wp-json\/wp\/v2\/media?parent=16479"}],"curies":[{"name":"wp","href":"https:\/\/api.w.org\/{rel}","templated":true}]}}